{"id":32,"date":"2020-04-05T14:04:50","date_gmt":"2020-04-05T12:04:50","guid":{"rendered":"https:\/\/oconnell.de\/?page_id=32"},"modified":"2024-12-29T14:56:29","modified_gmt":"2024-12-29T12:56:29","slug":"impressum","status":"publish","type":"page","link":"https:\/\/oconnell.de\/index.php\/impressum\/","title":{"rendered":"Impressum"},"content":{"rendered":"<p style=\"text-align: center;\">Executive Language Services UG (haftungsbeschr\u00e4nkt) respektiert Ihre Privatsph\u00e4re. Diese Datenschutzrichtlinie (<em>\u201edie Richtlinie\u201c)<\/em> gilt f\u00fcr die Website oconnell.de\u00a0 (<em>\u201edie Website\u201c<\/em>).<\/p>\n<p>Die Website wird betrieben von Executive Language Services UG (haftunsgeschr\u00e4nkt) (<em>\u201ewir\u201c<\/em>,\u00a0<em>\u201eunser\u201c<\/em>,\u00a0<em>\u201cExecutive Language Services\u201d<\/em>)<\/p>\n<p><strong>Haftungsausschluss &#8211; Disclaimer:<\/strong><\/p>\n<p>Haftung f\u00fcr Inhalte<\/p>\n<p>Alle Inhalte unseres Internetauftritts wurden mit gr\u00f6\u00dfter Sorgfalt und nach bestem Gewissen erstellt. F\u00fcr die Richtigkeit, Vollst\u00e4ndigkeit und Aktualit\u00e4t der Inhalte k\u00f6nnen wir jedoch keine Gew\u00e4hr \u00fcbernehmen. Als Diensteanbieter sind wir gem\u00e4\u00df \u00a7 7 Abs.1 TMG f\u00fcr eigene Inhalte auf diesen Seiten nach den allgemeinen Gesetzen verantwortlich. Nach \u00a7\u00a7 8 bis 10 TMG sind wir als Diensteanbieter jedoch nicht verpflichtet, \u00fcbermittelte oder gespeicherte fremde Informationen zu \u00fcberwachen oder nach Umst\u00e4nden zu forschen, die auf eine rechtswidrige T\u00e4tigkeit hinweisen. Verpflichtungen zur Entfernung oder Sperrung der Nutzung von Informationen nach den allgemeinen Gesetzen bleiben hiervon unber\u00fchrt.<\/p>\n<p>Eine diesbez\u00fcgliche Haftung ist jedoch erst ab dem Zeitpunkt der Kenntniserlangung einer konkreten Rechtsverletzung m\u00f6glich. Bei Bekanntwerden von den o.g. Rechtsverletzungen werden wir diese Inhalte unverz\u00fcglich entfernen.<\/p>\n<p>&nbsp;<\/p>\n","protected":false},"excerpt":{"rendered":"<p>Executive Language Services UG (haftungsbeschr\u00e4nkt) respektiert Ihre Privatsph\u00e4re. Diese Datenschutzrichtlinie (\u201edie Richtlinie\u201c) gilt f\u00fcr die Website oconnell.de\u00a0 (\u201edie Website\u201c). Die Website wird betrieben von Executive Language Services UG (haftunsgeschr\u00e4nkt) (\u201ewir\u201c,\u00a0\u201eunser\u201c,\u00a0\u201cExecutive Language Services\u201d) Haftungsausschluss &#8211; Disclaimer: Haftung f\u00fcr Inhalte Alle Inhalte unseres Internetauftritts wurden mit gr\u00f6\u00dfter Sorgfalt und nach bestem Gewissen erstellt. F\u00fcr die Richtigkeit, Vollst\u00e4ndigkeit &hellip; <\/p>\n<p class=\"link-more\"><a href=\"https:\/\/oconnell.de\/index.php\/impressum\/\" class=\"more-link\"><span class=\"screen-reader-text\">\u201eImpressum\u201c <\/span>weiterlesen<\/a><\/p>\n","protected":false},"author":1,"featured_media":0,"parent":0,"menu_order":0,"comment_status":"closed","ping_status":"closed","template":"","meta":{"footnotes":""},"class_list":["post-32","page","type-page","status-publish","hentry","entry"],"_links":{"self":[{"href":"https:\/\/oconnell.de\/index.php\/wp-json\/wp\/v2\/pages\/32","targetHints":{"allow":["GET"]}}],"collection":[{"href":"https:\/\/oconnell.de\/index.php\/wp-json\/wp\/v2\/pages"}],"about":[{"href":"https:\/\/oconnell.de\/index.php\/wp-json\/wp\/v2\/types\/page"}],"author":[{"embeddable":true,"href":"https:\/\/oconnell.de\/index.php\/wp-json\/wp\/v2\/users\/1"}],"replies":[{"embeddable":true,"href":"https:\/\/oconnell.de\/index.php\/wp-json\/wp\/v2\/comments?post=32"}],"version-history":[{"count":5,"href":"https:\/\/oconnell.de\/index.php\/wp-json\/wp\/v2\/pages\/32\/revisions"}],"predecessor-version":[{"id":69,"href":"https:\/\/oconnell.de\/index.php\/wp-json\/wp\/v2\/pages\/32\/revisions\/69"}],"wp:attachment":[{"href":"https:\/\/oconnell.de\/index.php\/wp-json\/wp\/v2\/media?parent=32"}],"curies":[{"name":"wp","href":"https:\/\/api.w.org\/{rel}","templated":true}]}}